{"id":59699,"date":"2025-09-13T09:39:44","date_gmt":"2025-09-13T09:39:44","guid":{"rendered":"https:\/\/meinwordpress-ho-ejjheknmq4.live-website.com\/?product=bruno-banani-man-eau-de-toilette-natural-spray-30-ml"},"modified":"2025-09-13T09:39:44","modified_gmt":"2025-09-13T09:39:44","slug":"bruno-banani-man-eau-de-toilette-natural-spray-30-ml","status":"publish","type":"product","link":"https:\/\/meinwordpress-ho-ejjheknmq4.live-website.com\/?product=bruno-banani-man-eau-de-toilette-natural-spray-30-ml","title":{"rendered":"Bruno Banani Man Eau de Toilette Natural Spray 30 ml"},"content":{"rendered":"<p><!-- show up to 2 reviews by default --> <\/p>\n<h3> <span>Product Description<\/span> <\/h3>\n<p> <span>bruno banani Man Gift Set with Eau de Toilette, Shower Gel and Deodorant Spray <\/span><\/p>\n<p><span>The bruno banani three-piece set includes a classic, masculine fragrance, an invigorating shower gel and a matching deodorant, ideal for <br \/>Life artists and true connoisseurs. The cool fresh green basil combines with aromatic lavender and sweet-spicy star <br \/>anise Fine thyme and heliotrope exude sweet, floral lightness in the heart of the fragrance. In the deep add warm vanilla, tonka bean <br \/>and precious woods of the creation create a fascinating masculine sophistication and let the oriental aromatic fragrance come into its own. <br \/>bruno banani Man Eau de Toilette, shower gel and deodorant spray are optimally matched and offer an unconventional composition <br \/>For confident men who have time for a wink and a smile about themselves. The perfect gift for the man for anyone <br \/>Occasion: <\/span><\/p>\n<p><span>Product features: <\/span><\/p>\n<ul class=\"a-unordered-list a-vertical\">\n<li><span class=\"a-list-item\"><span>30ml Eau de Toilette, 50ml Shower Gel and 50ml Deodorant Spray by bruno banani <\/span><\/span><\/li>\n<li><span class=\"a-list-item\"><span>With fruity fresh fragrance rounded off by wooden notes <\/span><\/span><\/li>\n<li><span class=\"a-list-item\"><span>A refreshing and invigorating experience <\/span><\/span><\/li>\n<\/ul>\n<h3> <span>Brand Description<\/span> <\/h3>\n<p> <span class=\"a-text-bold\">bruno banani &#8211; Not for everybody<\/span><\/p>\n<p><span>Nonkonform, individuell und trendig: Der Chemnitzer Unterw\u00e4schen- und Dessoushersteller bruno banani ist seit seinen Anf\u00e4ngen 1993 aus der deut-<br \/>schen Modebranche nicht mehr wegzudenken. Seit mehr als 20 Jahren steht das Unternehmen f\u00fcr Qualit\u00e4t und Exklusivit\u00e4t. Neben hochwertiger Unter-<br \/>w\u00e4sche ist die Kultmarke auch f\u00fcr unwiderstehlich aufregende D\u00fcfte und einzigartige Accessoires bekannt &#8211; gemacht f\u00fcr Individualisten<\/span><\/p>\n<\/p>\n<div data-a-expander-name=\"toggle_description\" class=\"a-row a-expander-container a-expander-extend-container\">\n<div data-expanded=\"false\" class=\"a-expander-content a-expander-extend-content\">\n<h3> <span>Directions<\/span> <\/h3>\n<p> <span>Apply the eau de toilette to the pulse points (wrists, neck and inner sides of the elbows) for a long-lasting fragrance. Use the shower gel and deodorant spray as usual.<\/span> <\/p>\n<\/p><\/div>\n<p> <a aria-expanded=\"false\" role=\"button\" href=\"javascript:void(0)\" data-action=\"a-expander-toggle\" class=\"a-expander-header a-declarative a-expander-extend-header\" data-a-expander-toggle=\"{\" allowlinkdefault more less><i class=\"a-icon a-icon-extender-expand\"><\/i><span class=\"a-expander-prompt\">See more<\/span><\/a> <\/div>\n<p>Ideal for connoisseurs: the three-piece set from bruno banani includes a masculine eau de toilette, a classic shower gel and a refreshing deodorant spray &#8211; for the confident man<br \/>\nInvigorates the senses: combined with spicy star anise, fine thyme and aromatic lavender, the green basil provides cool freshness and sweet lightness<br \/>\nWarm vanilla, tonka bean and precious woods fully reveal the charismatic fragrance and create an oriental fragrance experience<br \/>\nWhether for Christmas or birthday: the set from bruno banani is perfectly matched and is ideal as a gift for any occasion<br \/>\nBox contents: 1 x bruno banani Man set with 1 x 50 ml eau de toilette, 1 x 50 ml shower gel and 1 x 50 ml deodorant spray. A classic and masculine fragrance that invigorates the senses<br \/>\n<div class=\"main-cross-sell\" data-asin=\"B07Y2MMK7F\">\n\n\t<div class=\"WooZone-cross-sell-loader\">\n\t\t<div>\n\t\t\t<div id=\"floatingBarsG\">\n\t\t\t\t<div class=\"blockG\" id=\"rotateG_01\"><\/div>\n\t\t\t\t<div class=\"blockG\" id=\"rotateG_02\"><\/div>\n\t\t\t\t<div class=\"blockG\" id=\"rotateG_03\"><\/div>\n\t\t\t\t<div class=\"blockG\" id=\"rotateG_04\"><\/div>\n\t\t\t\t<div class=\"blockG\" id=\"rotateG_05\"><\/div>\n\t\t\t\t<div class=\"blockG\" id=\"rotateG_06\"><\/div>\n\t\t\t\t<div class=\"blockG\" id=\"rotateG_07\"><\/div>\n\t\t\t\t<div class=\"blockG\" id=\"rotateG_08\"><\/div>\n\t\t\t<\/div>\n\t\t\t<div class=\"WooZone-cross-sell-loader-text\"><\/div>\n\t\t<\/div>\n\t<\/div>\n\n\t\t\n<\/div>\n<div style=\"clear:both;\"><\/div><\/p>\n","protected":false},"excerpt":{"rendered":"<p>Ideal for connoisseurs: the three-piece set from bruno banani includes a masculine eau de toilette, a classic shower gel and a refreshing deodorant spray &#8211; for the confident man<br \/>\nInvigorates the senses: combined with spicy star anise, fine thyme and aromatic lavender, the green basil provides cool freshness and sweet lightness<br \/>\nWarm vanilla, tonka bean and precious woods fully reveal the charismatic fragrance and create an oriental fragrance experience<\/p>\n","protected":false},"featured_media":59707,"comment_status":"open","ping_status":"closed","template":"","meta":[],"product_cat":[13571],"product_tag":[],"class_list":{"0":"post-59699","1":"product","2":"type-product","3":"status-publish","4":"has-post-thumbnail","6":"product_cat-parfum-sets","7":"pa_brand-visit-the-bruno-banani-store","8":"pa_brand-name-bruno-banani","9":"pa_date-first-available-12-sep-2019","10":"pa_eye-treatment-effect-versatile-gift-set","11":"pa_item-dimensions-l-x-w-x-h-21-5-x-5-8-x-18-centimetres","12":"pa_item-form-liquid","13":"pa_item-model-number-17118","14":"pa_item-package-dimensions-l-x-w-22-4-x-18-4-x-6-2-centimetres","15":"pa_item-volume-50-millilitres","16":"pa_item-weight-0-13-kilograms","17":"pa_manufacturer-coty-beauty-germany-gmbh","18":"pa_package-weight-0-38-kilograms","19":"pa_product-dimensions-21-5-x-5-8-x-18-cm-131-g","20":"pa_scent-oriental","22":"first","23":"instock","24":"shipping-taxable","25":"product-type-external","26":"col-xs-6 col-sm-4","27":"col-md-3 col-lg-3","28":"un-4-cols"},"yoast_head":"<!-- This site is optimized with the Yoast SEO plugin v26.1.1 - https:\/\/yoast.com\/wordpress\/plugins\/seo\/ -->\n<title>Bruno Banani Man Eau de Toilette Natural Spray 30 ml - dein-parfum.com<\/title>\n<meta name=\"robots\" content=\"index, follow, max-snippet:-1, max-image-preview:large, max-video-preview:-1\" \/>\n<link rel=\"canonical\" href=\"https:\/\/meinwordpress-ho-ejjheknmq4.live-website.com\/?product=bruno-banani-man-eau-de-toilette-natural-spray-30-ml\" \/>\n<meta property=\"og:locale\" content=\"en_US\" \/>\n<meta property=\"og:type\" content=\"article\" \/>\n<meta property=\"og:title\" content=\"Bruno Banani Man Eau de Toilette Natural Spray 30 ml - dein-parfum.com\" \/>\n<meta property=\"og:description\" content=\"Ideal for connoisseurs: the three-piece set from bruno banani includes a masculine eau de toilette, a classic shower gel and a refreshing deodorant spray - for the confident man Invigorates the senses: combined with spicy star anise, fine thyme and aromatic lavender, the green basil provides cool freshness and sweet lightness Warm vanilla, tonka bean and precious woods fully reveal the charismatic fragrance and create an oriental fragrance experience\" \/>\n<meta property=\"og:url\" content=\"https:\/\/meinwordpress-ho-ejjheknmq4.live-website.com\/?product=bruno-banani-man-eau-de-toilette-natural-spray-30-ml\" \/>\n<meta property=\"og:site_name\" content=\"dein-parfum.com\" \/>\n<meta name=\"twitter:card\" content=\"summary_large_image\" \/>\n<meta name=\"twitter:label1\" content=\"Est. reading time\" \/>\n\t<meta name=\"twitter:data1\" content=\"2 minutes\" \/>\n<script type=\"application\/ld+json\" class=\"yoast-schema-graph\">{\"@context\":\"https:\/\/schema.org\",\"@graph\":[{\"@type\":\"WebPage\",\"@id\":\"https:\/\/meinwordpress-ho-ejjheknmq4.live-website.com\/?product=bruno-banani-man-eau-de-toilette-natural-spray-30-ml\",\"url\":\"https:\/\/meinwordpress-ho-ejjheknmq4.live-website.com\/?product=bruno-banani-man-eau-de-toilette-natural-spray-30-ml\",\"name\":\"Bruno Banani Man Eau de Toilette Natural Spray 30 ml - dein-parfum.com\",\"isPartOf\":{\"@id\":\"https:\/\/meinwordpress-ho-ejjheknmq4.live-website.com\/#website\"},\"primaryImageOfPage\":{\"@id\":\"https:\/\/meinwordpress-ho-ejjheknmq4.live-website.com\/?product=bruno-banani-man-eau-de-toilette-natural-spray-30-ml#primaryimage\"},\"image\":{\"@id\":\"https:\/\/meinwordpress-ho-ejjheknmq4.live-website.com\/?product=bruno-banani-man-eau-de-toilette-natural-spray-30-ml#primaryimage\"},\"thumbnailUrl\":\"https:\/\/m.media-amazon.com\/images\/I\/41Qqlgkrh+L.jpg\",\"datePublished\":\"2025-09-13T09:39:44+00:00\",\"breadcrumb\":{\"@id\":\"https:\/\/meinwordpress-ho-ejjheknmq4.live-website.com\/?product=bruno-banani-man-eau-de-toilette-natural-spray-30-ml#breadcrumb\"},\"inLanguage\":\"en-US\",\"potentialAction\":[{\"@type\":\"ReadAction\",\"target\":[\"https:\/\/meinwordpress-ho-ejjheknmq4.live-website.com\/?product=bruno-banani-man-eau-de-toilette-natural-spray-30-ml\"]}]},{\"@type\":\"ImageObject\",\"inLanguage\":\"en-US\",\"@id\":\"https:\/\/meinwordpress-ho-ejjheknmq4.live-website.com\/?product=bruno-banani-man-eau-de-toilette-natural-spray-30-ml#primaryimage\",\"url\":\"https:\/\/m.media-amazon.com\/images\/I\/41Qqlgkrh+L.jpg\",\"contentUrl\":\"https:\/\/m.media-amazon.com\/images\/I\/41Qqlgkrh+L.jpg\",\"width\":500,\"height\":500},{\"@type\":\"BreadcrumbList\",\"@id\":\"https:\/\/meinwordpress-ho-ejjheknmq4.live-website.com\/?product=bruno-banani-man-eau-de-toilette-natural-spray-30-ml#breadcrumb\",\"itemListElement\":[{\"@type\":\"ListItem\",\"position\":1,\"name\":\"Home\",\"item\":\"https:\/\/meinwordpress-ho-ejjheknmq4.live-website.com\/\"},{\"@type\":\"ListItem\",\"position\":2,\"name\":\"Gesch\u00e4ft\",\"item\":\"https:\/\/meinwordpress-ho-ejjheknmq4.live-website.com\/?page_id=9\"},{\"@type\":\"ListItem\",\"position\":3,\"name\":\"Bruno Banani Man Eau de Toilette Natural Spray 30 ml\"}]},{\"@type\":\"WebSite\",\"@id\":\"https:\/\/meinwordpress-ho-ejjheknmq4.live-website.com\/#website\",\"url\":\"https:\/\/meinwordpress-ho-ejjheknmq4.live-website.com\/\",\"name\":\"dein-parfum.com\",\"description\":\"dein-parfum.com\",\"publisher\":{\"@id\":\"https:\/\/meinwordpress-ho-ejjheknmq4.live-website.com\/#organization\"},\"potentialAction\":[{\"@type\":\"SearchAction\",\"target\":{\"@type\":\"EntryPoint\",\"urlTemplate\":\"https:\/\/meinwordpress-ho-ejjheknmq4.live-website.com\/?s={search_term_string}\"},\"query-input\":{\"@type\":\"PropertyValueSpecification\",\"valueRequired\":true,\"valueName\":\"search_term_string\"}}],\"inLanguage\":\"en-US\"},{\"@type\":\"Organization\",\"@id\":\"https:\/\/meinwordpress-ho-ejjheknmq4.live-website.com\/#organization\",\"name\":\"dein-parfum.com\",\"url\":\"https:\/\/meinwordpress-ho-ejjheknmq4.live-website.com\/\",\"logo\":{\"@type\":\"ImageObject\",\"inLanguage\":\"en-US\",\"@id\":\"https:\/\/meinwordpress-ho-ejjheknmq4.live-website.com\/#\/schema\/logo\/image\/\",\"url\":\"https:\/\/meinwordpress-ho-ejjheknmq4.live-website.com\/wp-content\/uploads\/2023\/10\/cropped-4yyy-removebg-preview-1.png\",\"contentUrl\":\"https:\/\/meinwordpress-ho-ejjheknmq4.live-website.com\/wp-content\/uploads\/2023\/10\/cropped-4yyy-removebg-preview-1.png\",\"width\":512,\"height\":512,\"caption\":\"dein-parfum.com\"},\"image\":{\"@id\":\"https:\/\/meinwordpress-ho-ejjheknmq4.live-website.com\/#\/schema\/logo\/image\/\"}}]}<\/script>\n<!-- \/ Yoast SEO plugin. -->","yoast_head_json":{"title":"Bruno Banani Man Eau de Toilette Natural Spray 30 ml - dein-parfum.com","robots":{"index":"index","follow":"follow","max-snippet":"max-snippet:-1","max-image-preview":"max-image-preview:large","max-video-preview":"max-video-preview:-1"},"canonical":"https:\/\/meinwordpress-ho-ejjheknmq4.live-website.com\/?product=bruno-banani-man-eau-de-toilette-natural-spray-30-ml","og_locale":"en_US","og_type":"article","og_title":"Bruno Banani Man Eau de Toilette Natural Spray 30 ml - dein-parfum.com","og_description":"Ideal for connoisseurs: the three-piece set from bruno banani includes a masculine eau de toilette, a classic shower gel and a refreshing deodorant spray - for the confident man Invigorates the senses: combined with spicy star anise, fine thyme and aromatic lavender, the green basil provides cool freshness and sweet lightness Warm vanilla, tonka bean and precious woods fully reveal the charismatic fragrance and create an oriental fragrance experience","og_url":"https:\/\/meinwordpress-ho-ejjheknmq4.live-website.com\/?product=bruno-banani-man-eau-de-toilette-natural-spray-30-ml","og_site_name":"dein-parfum.com","twitter_card":"summary_large_image","twitter_misc":{"Est. reading time":"2 minutes"},"schema":{"@context":"https:\/\/schema.org","@graph":[{"@type":"WebPage","@id":"https:\/\/meinwordpress-ho-ejjheknmq4.live-website.com\/?product=bruno-banani-man-eau-de-toilette-natural-spray-30-ml","url":"https:\/\/meinwordpress-ho-ejjheknmq4.live-website.com\/?product=bruno-banani-man-eau-de-toilette-natural-spray-30-ml","name":"Bruno Banani Man Eau de Toilette Natural Spray 30 ml - dein-parfum.com","isPartOf":{"@id":"https:\/\/meinwordpress-ho-ejjheknmq4.live-website.com\/#website"},"primaryImageOfPage":{"@id":"https:\/\/meinwordpress-ho-ejjheknmq4.live-website.com\/?product=bruno-banani-man-eau-de-toilette-natural-spray-30-ml#primaryimage"},"image":{"@id":"https:\/\/meinwordpress-ho-ejjheknmq4.live-website.com\/?product=bruno-banani-man-eau-de-toilette-natural-spray-30-ml#primaryimage"},"thumbnailUrl":"https:\/\/m.media-amazon.com\/images\/I\/41Qqlgkrh+L.jpg","datePublished":"2025-09-13T09:39:44+00:00","breadcrumb":{"@id":"https:\/\/meinwordpress-ho-ejjheknmq4.live-website.com\/?product=bruno-banani-man-eau-de-toilette-natural-spray-30-ml#breadcrumb"},"inLanguage":"en-US","potentialAction":[{"@type":"ReadAction","target":["https:\/\/meinwordpress-ho-ejjheknmq4.live-website.com\/?product=bruno-banani-man-eau-de-toilette-natural-spray-30-ml"]}]},{"@type":"ImageObject","inLanguage":"en-US","@id":"https:\/\/meinwordpress-ho-ejjheknmq4.live-website.com\/?product=bruno-banani-man-eau-de-toilette-natural-spray-30-ml#primaryimage","url":"https:\/\/m.media-amazon.com\/images\/I\/41Qqlgkrh+L.jpg","contentUrl":"https:\/\/m.media-amazon.com\/images\/I\/41Qqlgkrh+L.jpg","width":500,"height":500},{"@type":"BreadcrumbList","@id":"https:\/\/meinwordpress-ho-ejjheknmq4.live-website.com\/?product=bruno-banani-man-eau-de-toilette-natural-spray-30-ml#breadcrumb","itemListElement":[{"@type":"ListItem","position":1,"name":"Home","item":"https:\/\/meinwordpress-ho-ejjheknmq4.live-website.com\/"},{"@type":"ListItem","position":2,"name":"Gesch\u00e4ft","item":"https:\/\/meinwordpress-ho-ejjheknmq4.live-website.com\/?page_id=9"},{"@type":"ListItem","position":3,"name":"Bruno Banani Man Eau de Toilette Natural Spray 30 ml"}]},{"@type":"WebSite","@id":"https:\/\/meinwordpress-ho-ejjheknmq4.live-website.com\/#website","url":"https:\/\/meinwordpress-ho-ejjheknmq4.live-website.com\/","name":"dein-parfum.com","description":"dein-parfum.com","publisher":{"@id":"https:\/\/meinwordpress-ho-ejjheknmq4.live-website.com\/#organization"},"potentialAction":[{"@type":"SearchAction","target":{"@type":"EntryPoint","urlTemplate":"https:\/\/meinwordpress-ho-ejjheknmq4.live-website.com\/?s={search_term_string}"},"query-input":{"@type":"PropertyValueSpecification","valueRequired":true,"valueName":"search_term_string"}}],"inLanguage":"en-US"},{"@type":"Organization","@id":"https:\/\/meinwordpress-ho-ejjheknmq4.live-website.com\/#organization","name":"dein-parfum.com","url":"https:\/\/meinwordpress-ho-ejjheknmq4.live-website.com\/","logo":{"@type":"ImageObject","inLanguage":"en-US","@id":"https:\/\/meinwordpress-ho-ejjheknmq4.live-website.com\/#\/schema\/logo\/image\/","url":"https:\/\/meinwordpress-ho-ejjheknmq4.live-website.com\/wp-content\/uploads\/2023\/10\/cropped-4yyy-removebg-preview-1.png","contentUrl":"https:\/\/meinwordpress-ho-ejjheknmq4.live-website.com\/wp-content\/uploads\/2023\/10\/cropped-4yyy-removebg-preview-1.png","width":512,"height":512,"caption":"dein-parfum.com"},"image":{"@id":"https:\/\/meinwordpress-ho-ejjheknmq4.live-website.com\/#\/schema\/logo\/image\/"}}]}},"_links":{"self":[{"href":"https:\/\/meinwordpress-ho-ejjheknmq4.live-website.com\/index.php?rest_route=\/wp\/v2\/product\/59699","targetHints":{"allow":["GET"]}}],"collection":[{"href":"https:\/\/meinwordpress-ho-ejjheknmq4.live-website.com\/index.php?rest_route=\/wp\/v2\/product"}],"about":[{"href":"https:\/\/meinwordpress-ho-ejjheknmq4.live-website.com\/index.php?rest_route=\/wp\/v2\/types\/product"}],"replies":[{"embeddable":true,"href":"https:\/\/meinwordpress-ho-ejjheknmq4.live-website.com\/index.php?rest_route=%2Fwp%2Fv2%2Fcomments&post=59699"}],"wp:featuredmedia":[{"embeddable":true,"href":"https:\/\/meinwordpress-ho-ejjheknmq4.live-website.com\/index.php?rest_route=\/wp\/v2\/media\/59707"}],"wp:attachment":[{"href":"https:\/\/meinwordpress-ho-ejjheknmq4.live-website.com\/index.php?rest_route=%2Fwp%2Fv2%2Fmedia&parent=59699"}],"wp:term":[{"taxonomy":"product_cat","embeddable":true,"href":"https:\/\/meinwordpress-ho-ejjheknmq4.live-website.com\/index.php?rest_route=%2Fwp%2Fv2%2Fproduct_cat&post=59699"},{"taxonomy":"product_tag","embeddable":true,"href":"https:\/\/meinwordpress-ho-ejjheknmq4.live-website.com\/index.php?rest_route=%2Fwp%2Fv2%2Fproduct_tag&post=59699"}],"curies":[{"name":"wp","href":"https:\/\/api.w.org\/{rel}","templated":true}]}}