{"id":58733,"date":"2025-09-13T09:10:33","date_gmt":"2025-09-13T09:10:33","guid":{"rendered":"https:\/\/meinwordpress-ho-ejjheknmq4.live-website.com\/?product=loris-niche-burn-extract-parfum-spray-70-ml-luxus-duft"},"modified":"2025-09-13T09:10:33","modified_gmt":"2025-09-13T09:10:33","slug":"loris-niche-burn-extract-parfum-spray-70-ml-luxus-duft","status":"publish","type":"product","link":"https:\/\/meinwordpress-ho-ejjheknmq4.live-website.com\/?product=loris-niche-burn-extract-parfum-spray-70-ml-luxus-duft","title":{"rendered":"Loris NICHE Burn Extract Parfum Spray 70 ml, Luxus-Duft"},"content":{"rendered":"<p><!-- show up to 2 reviews by default --> <\/p>\n<h3> <span>Product description<\/span> <\/h3>\n<p> <span>Entdecken Sie NICHE Burn von Loris &#8211; ein exquisites Extrakt Parfum, das Eleganz und Luxus perfekt vereint. Der edle Duft wird in einem kunstvoll gestalteten 70ml Flakon pr\u00e4sentiert, dessen transparentes Glas mit einem markanten geometrischen Muster und goldfarbenen Akzenten verziert ist. Die hochwertige schwarze Geschenkbox mit goldenen Details unterstreicht die Exklusivit\u00e4t dieser Komposition. Als Extrakt Parfum bietet diese Duftkreation eine besonders intensive und langanhaltende Dufterfahrung. Die luxuri\u00f6se Aufmachung macht NICHE Burn zu einem perfekten Geschenk f\u00fcr besondere Anl\u00e4sse oder einer wertvollen Erg\u00e4nzung Ihrer pers\u00f6nlichen Duftsammlung. Die konzentrierte Extrakt-Form gew\u00e4hrleistet ein au\u00dfergew\u00f6hnliches Dufterlebnis mit beeindruckender Pr\u00e4senz und Haltbarkeit.<\/span> <\/p>\n<h3> <span>Safety Warning<\/span> <\/h3>\n<p> <span>von offenem Feuer fernhalten<\/span> <\/p>\n<p>LUXUSPARF\u00dcM: Hochwertiges Extract Parfum von Loris in einer eleganten 70 ml Glasflasche mit goldenem Verschluss<br \/>\nEDLE PR\u00c4SENTATION: Schwarze Premium-Geschenkbox mit goldenen Akzenten f\u00fcr eine luxuri\u00f6se Aufbewahrung<br \/>\nKONZENTRATION: Als Extract Parfum bietet es die h\u00f6chste und reinste Form der Parf\u00fcmierung f\u00fcr lang anhaltenden Duft<br \/>\nFLAKONDESIGN: Strukturiertes Glasdesign mit klarem, zeitlosem Erscheinungsbild und hochwertiger Verarbeitung<br \/>\nANWENDUNG: Der Spray-Mechanismus erm\u00f6glicht eine pr\u00e4zise und gleichm\u00e4\u00dfige Verteilung des Duftes<br \/>\n<div class=\"main-cross-sell\" data-asin=\"B0FB42BBHV\">\n\n\t<div class=\"WooZone-cross-sell-loader\">\n\t\t<div>\n\t\t\t<div id=\"floatingBarsG\">\n\t\t\t\t<div class=\"blockG\" id=\"rotateG_01\"><\/div>\n\t\t\t\t<div class=\"blockG\" id=\"rotateG_02\"><\/div>\n\t\t\t\t<div class=\"blockG\" id=\"rotateG_03\"><\/div>\n\t\t\t\t<div class=\"blockG\" id=\"rotateG_04\"><\/div>\n\t\t\t\t<div class=\"blockG\" id=\"rotateG_05\"><\/div>\n\t\t\t\t<div class=\"blockG\" id=\"rotateG_06\"><\/div>\n\t\t\t\t<div class=\"blockG\" id=\"rotateG_07\"><\/div>\n\t\t\t\t<div class=\"blockG\" id=\"rotateG_08\"><\/div>\n\t\t\t<\/div>\n\t\t\t<div class=\"WooZone-cross-sell-loader-text\"><\/div>\n\t\t<\/div>\n\t<\/div>\n\n\t\t\n<\/div>\n<div style=\"clear:both;\"><\/div><\/p>\n","protected":false},"excerpt":{"rendered":"<p>LUXUSPARF\u00dcM: Hochwertiges Extract Parfum von Loris in einer eleganten 70 ml Glasflasche mit goldenem Verschluss<br \/>\nEDLE PR\u00c4SENTATION: Schwarze Premium-Geschenkbox mit goldenen Akzenten f\u00fcr eine luxuri\u00f6se Aufbewahrung<br \/>\nKONZENTRATION: Als Extract Parfum bietet es die h\u00f6chste und reinste Form der Parf\u00fcmierung f\u00fcr lang anhaltenden Duft<\/p>\n","protected":false},"featured_media":58734,"comment_status":"open","ping_status":"closed","template":"","meta":[],"product_cat":[13569],"product_tag":[],"class_list":{"0":"post-58733","1":"product","2":"type-product","3":"status-publish","4":"has-post-thumbnail","6":"product_cat-parfumextrakt","7":"pa_brand-brand-loris","8":"pa_brand-name-loris","9":"pa_date-first-available-29-aug-2025","10":"pa_eye-treatment-effect-orientalische-duftnote","11":"pa_item-form-flussig","12":"pa_item-package-dimensions-l-x-w-15-x-15-x-8-centimetres","13":"pa_item-volume-70-millilitres","14":"pa_item-weight-250-grams","15":"pa_manufacturer-loris","16":"pa_package-dimensions-15-x-15-x-8-cm-250-g","17":"pa_package-weight-150-grams","18":"pa_scent-orientalisch","20":"first","21":"instock","22":"shipping-taxable","23":"product-type-external","24":"col-xs-6 col-sm-4","25":"col-md-3 col-lg-3","26":"un-4-cols"},"yoast_head":"<!-- This site is optimized with the Yoast SEO plugin v26.1.1 - https:\/\/yoast.com\/wordpress\/plugins\/seo\/ -->\n<title>Loris NICHE Burn Extract Parfum Spray 70 ml, Luxus-Duft - dein-parfum.com<\/title>\n<meta name=\"robots\" content=\"index, follow, max-snippet:-1, max-image-preview:large, max-video-preview:-1\" \/>\n<link rel=\"canonical\" href=\"https:\/\/meinwordpress-ho-ejjheknmq4.live-website.com\/?product=loris-niche-burn-extract-parfum-spray-70-ml-luxus-duft\" \/>\n<meta property=\"og:locale\" content=\"en_US\" \/>\n<meta property=\"og:type\" content=\"article\" \/>\n<meta property=\"og:title\" content=\"Loris NICHE Burn Extract Parfum Spray 70 ml, Luxus-Duft - dein-parfum.com\" \/>\n<meta property=\"og:description\" content=\"LUXUSPARF\u00dcM: Hochwertiges Extract Parfum von Loris in einer eleganten 70 ml Glasflasche mit goldenem Verschluss EDLE PR\u00c4SENTATION: Schwarze Premium-Geschenkbox mit goldenen Akzenten f\u00fcr eine luxuri\u00f6se Aufbewahrung KONZENTRATION: Als Extract Parfum bietet es die h\u00f6chste und reinste Form der Parf\u00fcmierung f\u00fcr lang anhaltenden Duft\" \/>\n<meta property=\"og:url\" content=\"https:\/\/meinwordpress-ho-ejjheknmq4.live-website.com\/?product=loris-niche-burn-extract-parfum-spray-70-ml-luxus-duft\" \/>\n<meta property=\"og:site_name\" content=\"dein-parfum.com\" \/>\n<meta name=\"twitter:card\" content=\"summary_large_image\" \/>\n<meta name=\"twitter:label1\" content=\"Est. reading time\" \/>\n\t<meta name=\"twitter:data1\" content=\"1 minute\" \/>\n<script type=\"application\/ld+json\" class=\"yoast-schema-graph\">{\"@context\":\"https:\/\/schema.org\",\"@graph\":[{\"@type\":\"WebPage\",\"@id\":\"https:\/\/meinwordpress-ho-ejjheknmq4.live-website.com\/?product=loris-niche-burn-extract-parfum-spray-70-ml-luxus-duft\",\"url\":\"https:\/\/meinwordpress-ho-ejjheknmq4.live-website.com\/?product=loris-niche-burn-extract-parfum-spray-70-ml-luxus-duft\",\"name\":\"Loris NICHE Burn Extract Parfum Spray 70 ml, Luxus-Duft - dein-parfum.com\",\"isPartOf\":{\"@id\":\"https:\/\/meinwordpress-ho-ejjheknmq4.live-website.com\/#website\"},\"primaryImageOfPage\":{\"@id\":\"https:\/\/meinwordpress-ho-ejjheknmq4.live-website.com\/?product=loris-niche-burn-extract-parfum-spray-70-ml-luxus-duft#primaryimage\"},\"image\":{\"@id\":\"https:\/\/meinwordpress-ho-ejjheknmq4.live-website.com\/?product=loris-niche-burn-extract-parfum-spray-70-ml-luxus-duft#primaryimage\"},\"thumbnailUrl\":\"https:\/\/m.media-amazon.com\/images\/I\/31T2LxexsUL.jpg\",\"datePublished\":\"2025-09-13T09:10:33+00:00\",\"breadcrumb\":{\"@id\":\"https:\/\/meinwordpress-ho-ejjheknmq4.live-website.com\/?product=loris-niche-burn-extract-parfum-spray-70-ml-luxus-duft#breadcrumb\"},\"inLanguage\":\"en-US\",\"potentialAction\":[{\"@type\":\"ReadAction\",\"target\":[\"https:\/\/meinwordpress-ho-ejjheknmq4.live-website.com\/?product=loris-niche-burn-extract-parfum-spray-70-ml-luxus-duft\"]}]},{\"@type\":\"ImageObject\",\"inLanguage\":\"en-US\",\"@id\":\"https:\/\/meinwordpress-ho-ejjheknmq4.live-website.com\/?product=loris-niche-burn-extract-parfum-spray-70-ml-luxus-duft#primaryimage\",\"url\":\"https:\/\/m.media-amazon.com\/images\/I\/31T2LxexsUL.jpg\",\"contentUrl\":\"https:\/\/m.media-amazon.com\/images\/I\/31T2LxexsUL.jpg\",\"width\":500,\"height\":500},{\"@type\":\"BreadcrumbList\",\"@id\":\"https:\/\/meinwordpress-ho-ejjheknmq4.live-website.com\/?product=loris-niche-burn-extract-parfum-spray-70-ml-luxus-duft#breadcrumb\",\"itemListElement\":[{\"@type\":\"ListItem\",\"position\":1,\"name\":\"Home\",\"item\":\"https:\/\/meinwordpress-ho-ejjheknmq4.live-website.com\/\"},{\"@type\":\"ListItem\",\"position\":2,\"name\":\"Gesch\u00e4ft\",\"item\":\"https:\/\/meinwordpress-ho-ejjheknmq4.live-website.com\/?page_id=9\"},{\"@type\":\"ListItem\",\"position\":3,\"name\":\"Loris NICHE Burn Extract Parfum Spray 70 ml, Luxus-Duft\"}]},{\"@type\":\"WebSite\",\"@id\":\"https:\/\/meinwordpress-ho-ejjheknmq4.live-website.com\/#website\",\"url\":\"https:\/\/meinwordpress-ho-ejjheknmq4.live-website.com\/\",\"name\":\"dein-parfum.com\",\"description\":\"dein-parfum.com\",\"publisher\":{\"@id\":\"https:\/\/meinwordpress-ho-ejjheknmq4.live-website.com\/#organization\"},\"potentialAction\":[{\"@type\":\"SearchAction\",\"target\":{\"@type\":\"EntryPoint\",\"urlTemplate\":\"https:\/\/meinwordpress-ho-ejjheknmq4.live-website.com\/?s={search_term_string}\"},\"query-input\":{\"@type\":\"PropertyValueSpecification\",\"valueRequired\":true,\"valueName\":\"search_term_string\"}}],\"inLanguage\":\"en-US\"},{\"@type\":\"Organization\",\"@id\":\"https:\/\/meinwordpress-ho-ejjheknmq4.live-website.com\/#organization\",\"name\":\"dein-parfum.com\",\"url\":\"https:\/\/meinwordpress-ho-ejjheknmq4.live-website.com\/\",\"logo\":{\"@type\":\"ImageObject\",\"inLanguage\":\"en-US\",\"@id\":\"https:\/\/meinwordpress-ho-ejjheknmq4.live-website.com\/#\/schema\/logo\/image\/\",\"url\":\"https:\/\/meinwordpress-ho-ejjheknmq4.live-website.com\/wp-content\/uploads\/2023\/10\/cropped-4yyy-removebg-preview-1.png\",\"contentUrl\":\"https:\/\/meinwordpress-ho-ejjheknmq4.live-website.com\/wp-content\/uploads\/2023\/10\/cropped-4yyy-removebg-preview-1.png\",\"width\":512,\"height\":512,\"caption\":\"dein-parfum.com\"},\"image\":{\"@id\":\"https:\/\/meinwordpress-ho-ejjheknmq4.live-website.com\/#\/schema\/logo\/image\/\"}}]}<\/script>\n<!-- \/ Yoast SEO plugin. -->","yoast_head_json":{"title":"Loris NICHE Burn Extract Parfum Spray 70 ml, Luxus-Duft - dein-parfum.com","robots":{"index":"index","follow":"follow","max-snippet":"max-snippet:-1","max-image-preview":"max-image-preview:large","max-video-preview":"max-video-preview:-1"},"canonical":"https:\/\/meinwordpress-ho-ejjheknmq4.live-website.com\/?product=loris-niche-burn-extract-parfum-spray-70-ml-luxus-duft","og_locale":"en_US","og_type":"article","og_title":"Loris NICHE Burn Extract Parfum Spray 70 ml, Luxus-Duft - dein-parfum.com","og_description":"LUXUSPARF\u00dcM: Hochwertiges Extract Parfum von Loris in einer eleganten 70 ml Glasflasche mit goldenem Verschluss EDLE PR\u00c4SENTATION: Schwarze Premium-Geschenkbox mit goldenen Akzenten f\u00fcr eine luxuri\u00f6se Aufbewahrung KONZENTRATION: Als Extract Parfum bietet es die h\u00f6chste und reinste Form der Parf\u00fcmierung f\u00fcr lang anhaltenden Duft","og_url":"https:\/\/meinwordpress-ho-ejjheknmq4.live-website.com\/?product=loris-niche-burn-extract-parfum-spray-70-ml-luxus-duft","og_site_name":"dein-parfum.com","twitter_card":"summary_large_image","twitter_misc":{"Est. reading time":"1 minute"},"schema":{"@context":"https:\/\/schema.org","@graph":[{"@type":"WebPage","@id":"https:\/\/meinwordpress-ho-ejjheknmq4.live-website.com\/?product=loris-niche-burn-extract-parfum-spray-70-ml-luxus-duft","url":"https:\/\/meinwordpress-ho-ejjheknmq4.live-website.com\/?product=loris-niche-burn-extract-parfum-spray-70-ml-luxus-duft","name":"Loris NICHE Burn Extract Parfum Spray 70 ml, Luxus-Duft - dein-parfum.com","isPartOf":{"@id":"https:\/\/meinwordpress-ho-ejjheknmq4.live-website.com\/#website"},"primaryImageOfPage":{"@id":"https:\/\/meinwordpress-ho-ejjheknmq4.live-website.com\/?product=loris-niche-burn-extract-parfum-spray-70-ml-luxus-duft#primaryimage"},"image":{"@id":"https:\/\/meinwordpress-ho-ejjheknmq4.live-website.com\/?product=loris-niche-burn-extract-parfum-spray-70-ml-luxus-duft#primaryimage"},"thumbnailUrl":"https:\/\/m.media-amazon.com\/images\/I\/31T2LxexsUL.jpg","datePublished":"2025-09-13T09:10:33+00:00","breadcrumb":{"@id":"https:\/\/meinwordpress-ho-ejjheknmq4.live-website.com\/?product=loris-niche-burn-extract-parfum-spray-70-ml-luxus-duft#breadcrumb"},"inLanguage":"en-US","potentialAction":[{"@type":"ReadAction","target":["https:\/\/meinwordpress-ho-ejjheknmq4.live-website.com\/?product=loris-niche-burn-extract-parfum-spray-70-ml-luxus-duft"]}]},{"@type":"ImageObject","inLanguage":"en-US","@id":"https:\/\/meinwordpress-ho-ejjheknmq4.live-website.com\/?product=loris-niche-burn-extract-parfum-spray-70-ml-luxus-duft#primaryimage","url":"https:\/\/m.media-amazon.com\/images\/I\/31T2LxexsUL.jpg","contentUrl":"https:\/\/m.media-amazon.com\/images\/I\/31T2LxexsUL.jpg","width":500,"height":500},{"@type":"BreadcrumbList","@id":"https:\/\/meinwordpress-ho-ejjheknmq4.live-website.com\/?product=loris-niche-burn-extract-parfum-spray-70-ml-luxus-duft#breadcrumb","itemListElement":[{"@type":"ListItem","position":1,"name":"Home","item":"https:\/\/meinwordpress-ho-ejjheknmq4.live-website.com\/"},{"@type":"ListItem","position":2,"name":"Gesch\u00e4ft","item":"https:\/\/meinwordpress-ho-ejjheknmq4.live-website.com\/?page_id=9"},{"@type":"ListItem","position":3,"name":"Loris NICHE Burn Extract Parfum Spray 70 ml, Luxus-Duft"}]},{"@type":"WebSite","@id":"https:\/\/meinwordpress-ho-ejjheknmq4.live-website.com\/#website","url":"https:\/\/meinwordpress-ho-ejjheknmq4.live-website.com\/","name":"dein-parfum.com","description":"dein-parfum.com","publisher":{"@id":"https:\/\/meinwordpress-ho-ejjheknmq4.live-website.com\/#organization"},"potentialAction":[{"@type":"SearchAction","target":{"@type":"EntryPoint","urlTemplate":"https:\/\/meinwordpress-ho-ejjheknmq4.live-website.com\/?s={search_term_string}"},"query-input":{"@type":"PropertyValueSpecification","valueRequired":true,"valueName":"search_term_string"}}],"inLanguage":"en-US"},{"@type":"Organization","@id":"https:\/\/meinwordpress-ho-ejjheknmq4.live-website.com\/#organization","name":"dein-parfum.com","url":"https:\/\/meinwordpress-ho-ejjheknmq4.live-website.com\/","logo":{"@type":"ImageObject","inLanguage":"en-US","@id":"https:\/\/meinwordpress-ho-ejjheknmq4.live-website.com\/#\/schema\/logo\/image\/","url":"https:\/\/meinwordpress-ho-ejjheknmq4.live-website.com\/wp-content\/uploads\/2023\/10\/cropped-4yyy-removebg-preview-1.png","contentUrl":"https:\/\/meinwordpress-ho-ejjheknmq4.live-website.com\/wp-content\/uploads\/2023\/10\/cropped-4yyy-removebg-preview-1.png","width":512,"height":512,"caption":"dein-parfum.com"},"image":{"@id":"https:\/\/meinwordpress-ho-ejjheknmq4.live-website.com\/#\/schema\/logo\/image\/"}}]}},"_links":{"self":[{"href":"https:\/\/meinwordpress-ho-ejjheknmq4.live-website.com\/index.php?rest_route=\/wp\/v2\/product\/58733","targetHints":{"allow":["GET"]}}],"collection":[{"href":"https:\/\/meinwordpress-ho-ejjheknmq4.live-website.com\/index.php?rest_route=\/wp\/v2\/product"}],"about":[{"href":"https:\/\/meinwordpress-ho-ejjheknmq4.live-website.com\/index.php?rest_route=\/wp\/v2\/types\/product"}],"replies":[{"embeddable":true,"href":"https:\/\/meinwordpress-ho-ejjheknmq4.live-website.com\/index.php?rest_route=%2Fwp%2Fv2%2Fcomments&post=58733"}],"wp:featuredmedia":[{"embeddable":true,"href":"https:\/\/meinwordpress-ho-ejjheknmq4.live-website.com\/index.php?rest_route=\/wp\/v2\/media\/58734"}],"wp:attachment":[{"href":"https:\/\/meinwordpress-ho-ejjheknmq4.live-website.com\/index.php?rest_route=%2Fwp%2Fv2%2Fmedia&parent=58733"}],"wp:term":[{"taxonomy":"product_cat","embeddable":true,"href":"https:\/\/meinwordpress-ho-ejjheknmq4.live-website.com\/index.php?rest_route=%2Fwp%2Fv2%2Fproduct_cat&post=58733"},{"taxonomy":"product_tag","embeddable":true,"href":"https:\/\/meinwordpress-ho-ejjheknmq4.live-website.com\/index.php?rest_route=%2Fwp%2Fv2%2Fproduct_tag&post=58733"}],"curies":[{"name":"wp","href":"https:\/\/api.w.org\/{rel}","templated":true}]}}