{"id":58572,"date":"2025-09-13T09:04:10","date_gmt":"2025-09-13T09:04:10","guid":{"rendered":"https:\/\/meinwordpress-ho-ejjheknmq4.live-website.com\/?product=aramis-classic-homme-man-eau-de-toilette-110-ml"},"modified":"2025-09-13T09:04:10","modified_gmt":"2025-09-13T09:04:10","slug":"aramis-classic-homme-man-eau-de-toilette-110-ml","status":"publish","type":"product","link":"https:\/\/meinwordpress-ho-ejjheknmq4.live-website.com\/?product=aramis-classic-homme-man-eau-de-toilette-110-ml","title":{"rendered":"Aramis Classic Homme\/Man, Eau de Toilette, 110 ml"},"content":{"rendered":"<p><!-- show up to 2 reviews by default --> <\/p>\n<h3> <span>Product Description<\/span> <\/h3>\n<p> <span>Aramis est devenu un apr\u00e8s-rasage classique intemporel. The ingredients sophistiques d&#8217;Aramis, the bergamot, Les agrumes, the patchouli, le sge, le bois de santal and le cuir, like a Scottish whiskey. Cela fait de Aramis apr\u00e8s-rasage un perfume masculine habitable et distinctif qui demeure l&#8217;un des parfums les plus vendus au monde.Ingr\u00e9dients alcool d\u00e9natur\u00e9, eau \/ eau \/ eau, ar\u00f4me (perfum), hexyl cinnamal, limon\u00e8ne, linalol, g\u00e9raniol, g\u00e9raniol, g\u00e9raniol, g\u00e9raniol. \u00e9raniol, hydro, hydroxycitronellal, eugenol, citral, extreit de evernia prunastri (mousse de ch\u00eane), benzoate de benzyl, citronellol, amyl cinnamal, salicylate of benzyl, farnesol, alcohol benzyl, alpha-isomethylion\u00e8ne.<\/span> <\/p>\n<h3> <span>Directions<\/span> <\/h3>\n<p> <span>Apply the eau de toilette to the pulse points of your body to enjoy the fragrance all day.<\/span> <\/p>\n<div data-a-expander-name=\"toggle_description\" class=\"a-row a-expander-container a-expander-extend-container\">\n<div data-expanded=\"false\" class=\"a-expander-content a-expander-extend-content\">\n<h3> <span>Safety Warning<\/span> <\/h3>\n<p> <span>Aramis es la versi\u00f3n masculina de Est\u00e9e Lauder. Se trata de una fragancia de mucho car\u00e1cter. Goza de popularidad y \u00e9xito entre los hombres. Las notas de apertura son de c\u00e9sped verde y fresco, condimentado con canela. El coraz\u00f3n es le\u00f1oso con<\/span> <\/p>\n<\/p><\/div>\n<p> <a aria-expanded=\"false\" role=\"button\" href=\"javascript:void(0)\" data-action=\"a-expander-toggle\" class=\"a-expander-header a-declarative a-expander-extend-header\" data-a-expander-toggle=\"{\" allowlinkdefault more less><i class=\"a-icon a-icon-extender-expand\"><\/i><span class=\"a-expander-prompt\">See more<\/span><\/a> <\/div>\n<p>Aramis Classic 110 ml<br \/>\nMen&#8217;s fragrance pour Homme<br \/>\nClassic masculine luxury<br \/>\nEau de Toilette Spray<br \/>\n<div class=\"main-cross-sell\" data-asin=\"B000CR1WUI\">\n\n\t<div class=\"WooZone-cross-sell-loader\">\n\t\t<div>\n\t\t\t<div id=\"floatingBarsG\">\n\t\t\t\t<div class=\"blockG\" id=\"rotateG_01\"><\/div>\n\t\t\t\t<div class=\"blockG\" id=\"rotateG_02\"><\/div>\n\t\t\t\t<div class=\"blockG\" id=\"rotateG_03\"><\/div>\n\t\t\t\t<div class=\"blockG\" id=\"rotateG_04\"><\/div>\n\t\t\t\t<div class=\"blockG\" id=\"rotateG_05\"><\/div>\n\t\t\t\t<div class=\"blockG\" id=\"rotateG_06\"><\/div>\n\t\t\t\t<div class=\"blockG\" id=\"rotateG_07\"><\/div>\n\t\t\t\t<div class=\"blockG\" id=\"rotateG_08\"><\/div>\n\t\t\t<\/div>\n\t\t\t<div class=\"WooZone-cross-sell-loader-text\"><\/div>\n\t\t<\/div>\n\t<\/div>\n\n\t\t\n<\/div>\n<div style=\"clear:both;\"><\/div><\/p>\n","protected":false},"excerpt":{"rendered":"<p>Aramis Classic 110 ml<br \/>\nMen&#8217;s fragrance pour Homme<br \/>\nClassic masculine luxury<\/p>\n","protected":false},"featured_media":58580,"comment_status":"open","ping_status":"closed","template":"","meta":[],"product_cat":[13568],"product_tag":[],"class_list":{"0":"post-58572","1":"product","2":"type-product","3":"status-publish","4":"has-post-thumbnail","6":"product_cat-mens-fragrances","7":"pa_brand-brand-aramis","8":"pa_brand-name-aramis","9":"pa_colour-clear","10":"pa_date-first-available-4-jan-2007","11":"pa_department-mens","12":"pa_eye-treatment-effect-scented","13":"pa_is-discontinued-by-manufactur-no","14":"pa_item-dimensions-l-x-w-x-h-10-2-x-12-7-x-15-2-centimetres","15":"pa_item-form-liquid","16":"pa_item-model-number-16318","17":"pa_item-package-dimensions-l-x-w-14-x-7-6-x-4-3-centimetres","18":"pa_item-volume-30-millilitres","19":"pa_item-weight-323-grams","20":"pa_manufacturer-aramis","21":"pa_material-composition-patchouli-vetiver-sandalwood","22":"pa_package-weight-0-34-kilograms","23":"pa_product-dimensions-10-16-x-12-7-x-15-24-cm-323-g","24":"pa_scent-mugwort-gardenia-bergamot-clover","25":"pa_skin-type-all","26":"pa_target-group-men-unisex-adults","28":"first","29":"instock","30":"shipping-taxable","31":"product-type-external","32":"col-xs-6 col-sm-4","33":"col-md-3 col-lg-3","34":"un-4-cols"},"yoast_head":"<!-- This site is optimized with the Yoast SEO plugin v26.1.1 - https:\/\/yoast.com\/wordpress\/plugins\/seo\/ -->\n<title>Aramis Classic Homme\/Man, Eau de Toilette, 110 ml - dein-parfum.com<\/title>\n<meta name=\"robots\" content=\"index, follow, max-snippet:-1, max-image-preview:large, max-video-preview:-1\" \/>\n<link rel=\"canonical\" href=\"https:\/\/meinwordpress-ho-ejjheknmq4.live-website.com\/?product=aramis-classic-homme-man-eau-de-toilette-110-ml\" \/>\n<meta property=\"og:locale\" content=\"en_US\" \/>\n<meta property=\"og:type\" content=\"article\" \/>\n<meta property=\"og:title\" content=\"Aramis Classic Homme\/Man, Eau de Toilette, 110 ml - dein-parfum.com\" \/>\n<meta property=\"og:description\" content=\"Aramis Classic 110 ml Men&#039;s fragrance pour Homme Classic masculine luxury\" \/>\n<meta property=\"og:url\" content=\"https:\/\/meinwordpress-ho-ejjheknmq4.live-website.com\/?product=aramis-classic-homme-man-eau-de-toilette-110-ml\" \/>\n<meta property=\"og:site_name\" content=\"dein-parfum.com\" \/>\n<meta name=\"twitter:card\" content=\"summary_large_image\" \/>\n<meta name=\"twitter:label1\" content=\"Est. reading time\" \/>\n\t<meta name=\"twitter:data1\" content=\"1 minute\" \/>\n<script type=\"application\/ld+json\" class=\"yoast-schema-graph\">{\"@context\":\"https:\/\/schema.org\",\"@graph\":[{\"@type\":\"WebPage\",\"@id\":\"https:\/\/meinwordpress-ho-ejjheknmq4.live-website.com\/?product=aramis-classic-homme-man-eau-de-toilette-110-ml\",\"url\":\"https:\/\/meinwordpress-ho-ejjheknmq4.live-website.com\/?product=aramis-classic-homme-man-eau-de-toilette-110-ml\",\"name\":\"Aramis Classic Homme\/Man, Eau de Toilette, 110 ml - dein-parfum.com\",\"isPartOf\":{\"@id\":\"https:\/\/meinwordpress-ho-ejjheknmq4.live-website.com\/#website\"},\"primaryImageOfPage\":{\"@id\":\"https:\/\/meinwordpress-ho-ejjheknmq4.live-website.com\/?product=aramis-classic-homme-man-eau-de-toilette-110-ml#primaryimage\"},\"image\":{\"@id\":\"https:\/\/meinwordpress-ho-ejjheknmq4.live-website.com\/?product=aramis-classic-homme-man-eau-de-toilette-110-ml#primaryimage\"},\"thumbnailUrl\":\"https:\/\/m.media-amazon.com\/images\/I\/51mWXQmx4KL.jpg\",\"datePublished\":\"2025-09-13T09:04:10+00:00\",\"breadcrumb\":{\"@id\":\"https:\/\/meinwordpress-ho-ejjheknmq4.live-website.com\/?product=aramis-classic-homme-man-eau-de-toilette-110-ml#breadcrumb\"},\"inLanguage\":\"en-US\",\"potentialAction\":[{\"@type\":\"ReadAction\",\"target\":[\"https:\/\/meinwordpress-ho-ejjheknmq4.live-website.com\/?product=aramis-classic-homme-man-eau-de-toilette-110-ml\"]}]},{\"@type\":\"ImageObject\",\"inLanguage\":\"en-US\",\"@id\":\"https:\/\/meinwordpress-ho-ejjheknmq4.live-website.com\/?product=aramis-classic-homme-man-eau-de-toilette-110-ml#primaryimage\",\"url\":\"https:\/\/m.media-amazon.com\/images\/I\/51mWXQmx4KL.jpg\",\"contentUrl\":\"https:\/\/m.media-amazon.com\/images\/I\/51mWXQmx4KL.jpg\",\"width\":500,\"height\":500},{\"@type\":\"BreadcrumbList\",\"@id\":\"https:\/\/meinwordpress-ho-ejjheknmq4.live-website.com\/?product=aramis-classic-homme-man-eau-de-toilette-110-ml#breadcrumb\",\"itemListElement\":[{\"@type\":\"ListItem\",\"position\":1,\"name\":\"Home\",\"item\":\"https:\/\/meinwordpress-ho-ejjheknmq4.live-website.com\/\"},{\"@type\":\"ListItem\",\"position\":2,\"name\":\"Gesch\u00e4ft\",\"item\":\"https:\/\/meinwordpress-ho-ejjheknmq4.live-website.com\/?page_id=9\"},{\"@type\":\"ListItem\",\"position\":3,\"name\":\"Aramis Classic Homme\/Man, Eau de Toilette, 110 ml\"}]},{\"@type\":\"WebSite\",\"@id\":\"https:\/\/meinwordpress-ho-ejjheknmq4.live-website.com\/#website\",\"url\":\"https:\/\/meinwordpress-ho-ejjheknmq4.live-website.com\/\",\"name\":\"dein-parfum.com\",\"description\":\"dein-parfum.com\",\"publisher\":{\"@id\":\"https:\/\/meinwordpress-ho-ejjheknmq4.live-website.com\/#organization\"},\"potentialAction\":[{\"@type\":\"SearchAction\",\"target\":{\"@type\":\"EntryPoint\",\"urlTemplate\":\"https:\/\/meinwordpress-ho-ejjheknmq4.live-website.com\/?s={search_term_string}\"},\"query-input\":{\"@type\":\"PropertyValueSpecification\",\"valueRequired\":true,\"valueName\":\"search_term_string\"}}],\"inLanguage\":\"en-US\"},{\"@type\":\"Organization\",\"@id\":\"https:\/\/meinwordpress-ho-ejjheknmq4.live-website.com\/#organization\",\"name\":\"dein-parfum.com\",\"url\":\"https:\/\/meinwordpress-ho-ejjheknmq4.live-website.com\/\",\"logo\":{\"@type\":\"ImageObject\",\"inLanguage\":\"en-US\",\"@id\":\"https:\/\/meinwordpress-ho-ejjheknmq4.live-website.com\/#\/schema\/logo\/image\/\",\"url\":\"https:\/\/meinwordpress-ho-ejjheknmq4.live-website.com\/wp-content\/uploads\/2023\/10\/cropped-4yyy-removebg-preview-1.png\",\"contentUrl\":\"https:\/\/meinwordpress-ho-ejjheknmq4.live-website.com\/wp-content\/uploads\/2023\/10\/cropped-4yyy-removebg-preview-1.png\",\"width\":512,\"height\":512,\"caption\":\"dein-parfum.com\"},\"image\":{\"@id\":\"https:\/\/meinwordpress-ho-ejjheknmq4.live-website.com\/#\/schema\/logo\/image\/\"}}]}<\/script>\n<!-- \/ Yoast SEO plugin. -->","yoast_head_json":{"title":"Aramis Classic Homme\/Man, Eau de Toilette, 110 ml - dein-parfum.com","robots":{"index":"index","follow":"follow","max-snippet":"max-snippet:-1","max-image-preview":"max-image-preview:large","max-video-preview":"max-video-preview:-1"},"canonical":"https:\/\/meinwordpress-ho-ejjheknmq4.live-website.com\/?product=aramis-classic-homme-man-eau-de-toilette-110-ml","og_locale":"en_US","og_type":"article","og_title":"Aramis Classic Homme\/Man, Eau de Toilette, 110 ml - dein-parfum.com","og_description":"Aramis Classic 110 ml Men's fragrance pour Homme Classic masculine luxury","og_url":"https:\/\/meinwordpress-ho-ejjheknmq4.live-website.com\/?product=aramis-classic-homme-man-eau-de-toilette-110-ml","og_site_name":"dein-parfum.com","twitter_card":"summary_large_image","twitter_misc":{"Est. reading time":"1 minute"},"schema":{"@context":"https:\/\/schema.org","@graph":[{"@type":"WebPage","@id":"https:\/\/meinwordpress-ho-ejjheknmq4.live-website.com\/?product=aramis-classic-homme-man-eau-de-toilette-110-ml","url":"https:\/\/meinwordpress-ho-ejjheknmq4.live-website.com\/?product=aramis-classic-homme-man-eau-de-toilette-110-ml","name":"Aramis Classic Homme\/Man, Eau de Toilette, 110 ml - dein-parfum.com","isPartOf":{"@id":"https:\/\/meinwordpress-ho-ejjheknmq4.live-website.com\/#website"},"primaryImageOfPage":{"@id":"https:\/\/meinwordpress-ho-ejjheknmq4.live-website.com\/?product=aramis-classic-homme-man-eau-de-toilette-110-ml#primaryimage"},"image":{"@id":"https:\/\/meinwordpress-ho-ejjheknmq4.live-website.com\/?product=aramis-classic-homme-man-eau-de-toilette-110-ml#primaryimage"},"thumbnailUrl":"https:\/\/m.media-amazon.com\/images\/I\/51mWXQmx4KL.jpg","datePublished":"2025-09-13T09:04:10+00:00","breadcrumb":{"@id":"https:\/\/meinwordpress-ho-ejjheknmq4.live-website.com\/?product=aramis-classic-homme-man-eau-de-toilette-110-ml#breadcrumb"},"inLanguage":"en-US","potentialAction":[{"@type":"ReadAction","target":["https:\/\/meinwordpress-ho-ejjheknmq4.live-website.com\/?product=aramis-classic-homme-man-eau-de-toilette-110-ml"]}]},{"@type":"ImageObject","inLanguage":"en-US","@id":"https:\/\/meinwordpress-ho-ejjheknmq4.live-website.com\/?product=aramis-classic-homme-man-eau-de-toilette-110-ml#primaryimage","url":"https:\/\/m.media-amazon.com\/images\/I\/51mWXQmx4KL.jpg","contentUrl":"https:\/\/m.media-amazon.com\/images\/I\/51mWXQmx4KL.jpg","width":500,"height":500},{"@type":"BreadcrumbList","@id":"https:\/\/meinwordpress-ho-ejjheknmq4.live-website.com\/?product=aramis-classic-homme-man-eau-de-toilette-110-ml#breadcrumb","itemListElement":[{"@type":"ListItem","position":1,"name":"Home","item":"https:\/\/meinwordpress-ho-ejjheknmq4.live-website.com\/"},{"@type":"ListItem","position":2,"name":"Gesch\u00e4ft","item":"https:\/\/meinwordpress-ho-ejjheknmq4.live-website.com\/?page_id=9"},{"@type":"ListItem","position":3,"name":"Aramis Classic Homme\/Man, Eau de Toilette, 110 ml"}]},{"@type":"WebSite","@id":"https:\/\/meinwordpress-ho-ejjheknmq4.live-website.com\/#website","url":"https:\/\/meinwordpress-ho-ejjheknmq4.live-website.com\/","name":"dein-parfum.com","description":"dein-parfum.com","publisher":{"@id":"https:\/\/meinwordpress-ho-ejjheknmq4.live-website.com\/#organization"},"potentialAction":[{"@type":"SearchAction","target":{"@type":"EntryPoint","urlTemplate":"https:\/\/meinwordpress-ho-ejjheknmq4.live-website.com\/?s={search_term_string}"},"query-input":{"@type":"PropertyValueSpecification","valueRequired":true,"valueName":"search_term_string"}}],"inLanguage":"en-US"},{"@type":"Organization","@id":"https:\/\/meinwordpress-ho-ejjheknmq4.live-website.com\/#organization","name":"dein-parfum.com","url":"https:\/\/meinwordpress-ho-ejjheknmq4.live-website.com\/","logo":{"@type":"ImageObject","inLanguage":"en-US","@id":"https:\/\/meinwordpress-ho-ejjheknmq4.live-website.com\/#\/schema\/logo\/image\/","url":"https:\/\/meinwordpress-ho-ejjheknmq4.live-website.com\/wp-content\/uploads\/2023\/10\/cropped-4yyy-removebg-preview-1.png","contentUrl":"https:\/\/meinwordpress-ho-ejjheknmq4.live-website.com\/wp-content\/uploads\/2023\/10\/cropped-4yyy-removebg-preview-1.png","width":512,"height":512,"caption":"dein-parfum.com"},"image":{"@id":"https:\/\/meinwordpress-ho-ejjheknmq4.live-website.com\/#\/schema\/logo\/image\/"}}]}},"_links":{"self":[{"href":"https:\/\/meinwordpress-ho-ejjheknmq4.live-website.com\/index.php?rest_route=\/wp\/v2\/product\/58572","targetHints":{"allow":["GET"]}}],"collection":[{"href":"https:\/\/meinwordpress-ho-ejjheknmq4.live-website.com\/index.php?rest_route=\/wp\/v2\/product"}],"about":[{"href":"https:\/\/meinwordpress-ho-ejjheknmq4.live-website.com\/index.php?rest_route=\/wp\/v2\/types\/product"}],"replies":[{"embeddable":true,"href":"https:\/\/meinwordpress-ho-ejjheknmq4.live-website.com\/index.php?rest_route=%2Fwp%2Fv2%2Fcomments&post=58572"}],"wp:featuredmedia":[{"embeddable":true,"href":"https:\/\/meinwordpress-ho-ejjheknmq4.live-website.com\/index.php?rest_route=\/wp\/v2\/media\/58580"}],"wp:attachment":[{"href":"https:\/\/meinwordpress-ho-ejjheknmq4.live-website.com\/index.php?rest_route=%2Fwp%2Fv2%2Fmedia&parent=58572"}],"wp:term":[{"taxonomy":"product_cat","embeddable":true,"href":"https:\/\/meinwordpress-ho-ejjheknmq4.live-website.com\/index.php?rest_route=%2Fwp%2Fv2%2Fproduct_cat&post=58572"},{"taxonomy":"product_tag","embeddable":true,"href":"https:\/\/meinwordpress-ho-ejjheknmq4.live-website.com\/index.php?rest_route=%2Fwp%2Fv2%2Fproduct_tag&post=58572"}],"curies":[{"name":"wp","href":"https:\/\/api.w.org\/{rel}","templated":true}]}}