{"id":56618,"date":"2025-09-13T05:56:50","date_gmt":"2025-09-13T05:56:50","guid":{"rendered":"https:\/\/meinwordpress-ho-ejjheknmq4.live-website.com\/?product=lolita-lempicka-100-ml-eau-de-parfum-spray"},"modified":"2025-09-13T05:56:50","modified_gmt":"2025-09-13T05:56:50","slug":"lolita-lempicka-100-ml-eau-de-parfum-spray","status":"publish","type":"product","link":"https:\/\/meinwordpress-ho-ejjheknmq4.live-website.com\/?product=lolita-lempicka-100-ml-eau-de-parfum-spray","title":{"rendered":"Lolita Lempicka 100 ml Eau De Parfum Spray"},"content":{"rendered":"<p><!-- show up to 2 reviews by default --> <\/p>\n<h3> <span>Product Description<\/span> <\/h3>\n<p> <span>Authentieke nacht voor vrouwen is voor de vrouw die ervan houdt om de echte en onverwachte momenten van het leven met vrienden te delen. &#8220;Authentieke nacht voor vrouwen is a eerbetoon aan het theme van echte authenticiteit en een mogelijkheid om de waarden van het merk a&amp;f echt vast te houden&#8221;, zegt Parfumer Frank Voelkl. Houtig bloemig fruitt top notes: zwarte bessen, roze peper, roze dame appel hard notes: tuberose, magnolia, jasmijn base notes: cederhout, sandelhout, patchouli. Authentische Night for Woman is for the wo man who loves sharing Life&#8217;s Real and unexpected moments with friends, FREE to Express her True Self. &#8220;Authentic Night for Woman is a nod to the theme of True Authenticity, and a way to truly capture the values of the a&amp;f Brand,&#8221; Says perfumer Frank voelkl. Woody floral fruity top notes: black currant, pink pepper, pink lady apple heart notes: tuberose, magnolia, jasmine base notes: cedarwood, sandalwood, patchouli. Kad\u0131nlar i\u00e7in otantik gece, hayat\u0131n ger\u00e7ek ve beklenmedik anlar\u0131n\u0131 arkada\u015flar\u0131n\u0131zla payla\u015fmay\u0131 seven kad\u0131nlar i\u00e7indir. &#8220;Kad\u0131nlar i\u00e7in otantik gece, ger\u00e7ek otantiklik konusuna bir sayg\u0131 ve a&amp;f markas\u0131n\u0131n de\u011ferlerini ger\u00e7ekten kaydetme imkan\u0131d\u0131r&#8221; demektedir. Perfumer Frank Voelkl. Ah\u015fapl\u0131 \u00e7i\u00e7ekli meyveli \u00dcst nota: Siyah frenk \u00fcz\u00fcm\u00fc, pembe beaber, pembe bayan elmas\u0131 Orta nota: Tuberoz, manolya, yasemin Alt nota: Sedir a\u011fac\u0131, sandal a\u011fac\u0131, pa\u00e7uli. Autentick\u00e1 noc pro \u017eeny je pro \u017eenu, kter\u00e1 miluje sd\u00edlet skute\u010dn\u00e9 a neo\u010dek\u00e1van\u00e9 momenty \u017eivota s p\u0159\u00e1teli. &#8220;Autentick\u00e1 noc pro \u017eeny je dom\u00e1c\u00ed mage na t\u00e9ma skute\u010dn\u00e9 autenticity a mo\u017enost, jak zachovat hodnoty zna\u010dky a&amp;f skute\u010dn\u011b zachytit hodnoty&#8221;, \u0159\u00edk\u00e1 Parfumer Frank Voelkl. D\u0159ev\u011bn\u00e1 kv\u011btinov\u00e1 ovocn\u00e1 hlava: \u010dern\u00fd ryb\u00edz, r\u016f\u017eov\u00fd pep\u0159, r\u016f\u017eov\u00e1 d\u00e1vka jablka: tuber\u00f3za, magnolie, jasm\u00edn, z\u00e1klad: cedrov\u00e9 d\u0159evo, santalov\u00e9 d\u0159evo, pa\u010duli. . Authentic night for women is for the woman who loves to share the real and unexpected moments of life with friends. &#8220;Authentic night for women is a tribute to the subject of real authenticity and a way to really capture the values of the brand a&amp;f&#8221;, says perfumer Frank Voelkl. Woody floral fruity. Top notes: blackcurrant, pink pepper, pink lady apple. Middle notes: tuberose, magnolia, jasmine. Base notes: cedarwood, sandalwood, patchouli. Autentyczna noc dla kobiet jest dla kobiet, kt\u00f3ra kocha dzielenie si\u0119 prawdziwymi i nieoczekiwanymi momentami \u017cycia z przyjaci\u00f3\u0142mi. &#8220;Autentyczna noc dla kobiet to ho\u0142d dla prawdziwej autentyczno\u015bci i mo\u017cliwo\u015b\u0107 naprawd\u0119 utrwalenia warto\u015bci marki a&amp;f&#8221;, m\u00f3wi Parfumer Frank Voelkl. drewno kwiatowe owocowe nuta g\u0142owy: czarna porzeczka, r\u00f3\u017cowy pieprz, r\u00f3\u017cowe jab\u0142ko, nuta serca: tuberoza, magnolia, ja\u015bmin Nuta bazy: drewno cedrowe, drzewo sanda\u0142owe, paczula.<\/span> <\/p>\n<h3> <span>Directions<\/span> <\/h3>\n<p> <span>Apply to pulse points<\/span> <\/p>\n<p>Quality\/Durability<br \/>\nDurability<br \/>\nEasy to use<br \/>\n<div class=\"main-cross-sell\" data-asin=\"B08CMR9SXW\">\n\n\t<div class=\"WooZone-cross-sell-loader\">\n\t\t<div>\n\t\t\t<div id=\"floatingBarsG\">\n\t\t\t\t<div class=\"blockG\" id=\"rotateG_01\"><\/div>\n\t\t\t\t<div class=\"blockG\" id=\"rotateG_02\"><\/div>\n\t\t\t\t<div class=\"blockG\" id=\"rotateG_03\"><\/div>\n\t\t\t\t<div class=\"blockG\" id=\"rotateG_04\"><\/div>\n\t\t\t\t<div class=\"blockG\" id=\"rotateG_05\"><\/div>\n\t\t\t\t<div class=\"blockG\" id=\"rotateG_06\"><\/div>\n\t\t\t\t<div class=\"blockG\" id=\"rotateG_07\"><\/div>\n\t\t\t\t<div class=\"blockG\" id=\"rotateG_08\"><\/div>\n\t\t\t<\/div>\n\t\t\t<div class=\"WooZone-cross-sell-loader-text\"><\/div>\n\t\t<\/div>\n\t<\/div>\n\n\t\t\n<\/div>\n<div style=\"clear:both;\"><\/div><\/p>\n","protected":false},"excerpt":{"rendered":"<p>Quality\/Durability<br \/>\nDurability<br \/>\nEasy to use<\/p>\n","protected":false},"featured_media":56622,"comment_status":"open","ping_status":"closed","template":"","meta":[],"product_cat":[13573],"product_tag":[],"class_list":{"0":"post-56618","1":"product","2":"type-product","3":"status-publish","4":"has-post-thumbnail","6":"product_cat-holziges-parfum","7":"pa_brand-brand-lolita-lempicka","8":"pa_brand-name-lolita-lempicka","9":"pa_colour-ve2911gnrj153","10":"pa_date-first-available-18-may-2020","11":"pa_eye-treatment-effect-paraben-free","12":"pa_item-dimensions-l-x-w-x-h-10-x-10-x-5-centimetres","13":"pa_item-form-liquid","14":"pa_item-model-number-13353-hbsupp","15":"pa_item-package-dimensions-l-x-w-16-5-x-11-6-x-9-3-centimetres","16":"pa_item-volume-3-4-fluid-ounces","17":"pa_item-weight-0-21-pounds","18":"pa_language-english-english-english-english-english","19":"pa_manufacturer-lolita-lempicka","20":"pa_package-weight-0-34-kilograms","21":"pa_product-dimensions-10-x-10-x-5-cm-96-39-g","22":"pa_scent-patchouli","23":"pa_target-group-vrouwen","25":"first","26":"instock","27":"shipping-taxable","28":"product-type-external","29":"col-xs-6 col-sm-4","30":"col-md-3 col-lg-3","31":"un-4-cols"},"yoast_head":"<!-- This site is optimized with the Yoast SEO plugin v26.1.1 - https:\/\/yoast.com\/wordpress\/plugins\/seo\/ -->\n<title>Lolita Lempicka 100 ml Eau De Parfum Spray - dein-parfum.com<\/title>\n<meta name=\"robots\" content=\"index, follow, max-snippet:-1, max-image-preview:large, max-video-preview:-1\" \/>\n<link rel=\"canonical\" href=\"https:\/\/meinwordpress-ho-ejjheknmq4.live-website.com\/?product=lolita-lempicka-100-ml-eau-de-parfum-spray\" \/>\n<meta property=\"og:locale\" content=\"en_US\" \/>\n<meta property=\"og:type\" content=\"article\" \/>\n<meta property=\"og:title\" content=\"Lolita Lempicka 100 ml Eau De Parfum Spray - dein-parfum.com\" \/>\n<meta property=\"og:description\" content=\"Quality\/Durability Durability Easy to use\" \/>\n<meta property=\"og:url\" content=\"https:\/\/meinwordpress-ho-ejjheknmq4.live-website.com\/?product=lolita-lempicka-100-ml-eau-de-parfum-spray\" \/>\n<meta property=\"og:site_name\" content=\"dein-parfum.com\" \/>\n<meta name=\"twitter:card\" content=\"summary_large_image\" \/>\n<meta name=\"twitter:label1\" content=\"Est. reading time\" \/>\n\t<meta name=\"twitter:data1\" content=\"3 minutes\" \/>\n<script type=\"application\/ld+json\" class=\"yoast-schema-graph\">{\"@context\":\"https:\/\/schema.org\",\"@graph\":[{\"@type\":\"WebPage\",\"@id\":\"https:\/\/meinwordpress-ho-ejjheknmq4.live-website.com\/?product=lolita-lempicka-100-ml-eau-de-parfum-spray\",\"url\":\"https:\/\/meinwordpress-ho-ejjheknmq4.live-website.com\/?product=lolita-lempicka-100-ml-eau-de-parfum-spray\",\"name\":\"Lolita Lempicka 100 ml Eau De Parfum Spray - dein-parfum.com\",\"isPartOf\":{\"@id\":\"https:\/\/meinwordpress-ho-ejjheknmq4.live-website.com\/#website\"},\"primaryImageOfPage\":{\"@id\":\"https:\/\/meinwordpress-ho-ejjheknmq4.live-website.com\/?product=lolita-lempicka-100-ml-eau-de-parfum-spray#primaryimage\"},\"image\":{\"@id\":\"https:\/\/meinwordpress-ho-ejjheknmq4.live-website.com\/?product=lolita-lempicka-100-ml-eau-de-parfum-spray#primaryimage\"},\"thumbnailUrl\":\"https:\/\/m.media-amazon.com\/images\/I\/4159OOWp7JL.jpg\",\"datePublished\":\"2025-09-13T05:56:50+00:00\",\"breadcrumb\":{\"@id\":\"https:\/\/meinwordpress-ho-ejjheknmq4.live-website.com\/?product=lolita-lempicka-100-ml-eau-de-parfum-spray#breadcrumb\"},\"inLanguage\":\"en-US\",\"potentialAction\":[{\"@type\":\"ReadAction\",\"target\":[\"https:\/\/meinwordpress-ho-ejjheknmq4.live-website.com\/?product=lolita-lempicka-100-ml-eau-de-parfum-spray\"]}]},{\"@type\":\"ImageObject\",\"inLanguage\":\"en-US\",\"@id\":\"https:\/\/meinwordpress-ho-ejjheknmq4.live-website.com\/?product=lolita-lempicka-100-ml-eau-de-parfum-spray#primaryimage\",\"url\":\"https:\/\/m.media-amazon.com\/images\/I\/4159OOWp7JL.jpg\",\"contentUrl\":\"https:\/\/m.media-amazon.com\/images\/I\/4159OOWp7JL.jpg\",\"width\":500,\"height\":500},{\"@type\":\"BreadcrumbList\",\"@id\":\"https:\/\/meinwordpress-ho-ejjheknmq4.live-website.com\/?product=lolita-lempicka-100-ml-eau-de-parfum-spray#breadcrumb\",\"itemListElement\":[{\"@type\":\"ListItem\",\"position\":1,\"name\":\"Home\",\"item\":\"https:\/\/meinwordpress-ho-ejjheknmq4.live-website.com\/\"},{\"@type\":\"ListItem\",\"position\":2,\"name\":\"Gesch\u00e4ft\",\"item\":\"https:\/\/meinwordpress-ho-ejjheknmq4.live-website.com\/?page_id=9\"},{\"@type\":\"ListItem\",\"position\":3,\"name\":\"Lolita Lempicka 100 ml Eau De Parfum Spray\"}]},{\"@type\":\"WebSite\",\"@id\":\"https:\/\/meinwordpress-ho-ejjheknmq4.live-website.com\/#website\",\"url\":\"https:\/\/meinwordpress-ho-ejjheknmq4.live-website.com\/\",\"name\":\"dein-parfum.com\",\"description\":\"dein-parfum.com\",\"publisher\":{\"@id\":\"https:\/\/meinwordpress-ho-ejjheknmq4.live-website.com\/#organization\"},\"potentialAction\":[{\"@type\":\"SearchAction\",\"target\":{\"@type\":\"EntryPoint\",\"urlTemplate\":\"https:\/\/meinwordpress-ho-ejjheknmq4.live-website.com\/?s={search_term_string}\"},\"query-input\":{\"@type\":\"PropertyValueSpecification\",\"valueRequired\":true,\"valueName\":\"search_term_string\"}}],\"inLanguage\":\"en-US\"},{\"@type\":\"Organization\",\"@id\":\"https:\/\/meinwordpress-ho-ejjheknmq4.live-website.com\/#organization\",\"name\":\"dein-parfum.com\",\"url\":\"https:\/\/meinwordpress-ho-ejjheknmq4.live-website.com\/\",\"logo\":{\"@type\":\"ImageObject\",\"inLanguage\":\"en-US\",\"@id\":\"https:\/\/meinwordpress-ho-ejjheknmq4.live-website.com\/#\/schema\/logo\/image\/\",\"url\":\"https:\/\/meinwordpress-ho-ejjheknmq4.live-website.com\/wp-content\/uploads\/2023\/10\/cropped-4yyy-removebg-preview-1.png\",\"contentUrl\":\"https:\/\/meinwordpress-ho-ejjheknmq4.live-website.com\/wp-content\/uploads\/2023\/10\/cropped-4yyy-removebg-preview-1.png\",\"width\":512,\"height\":512,\"caption\":\"dein-parfum.com\"},\"image\":{\"@id\":\"https:\/\/meinwordpress-ho-ejjheknmq4.live-website.com\/#\/schema\/logo\/image\/\"}}]}<\/script>\n<!-- \/ Yoast SEO plugin. -->","yoast_head_json":{"title":"Lolita Lempicka 100 ml Eau De Parfum Spray - dein-parfum.com","robots":{"index":"index","follow":"follow","max-snippet":"max-snippet:-1","max-image-preview":"max-image-preview:large","max-video-preview":"max-video-preview:-1"},"canonical":"https:\/\/meinwordpress-ho-ejjheknmq4.live-website.com\/?product=lolita-lempicka-100-ml-eau-de-parfum-spray","og_locale":"en_US","og_type":"article","og_title":"Lolita Lempicka 100 ml Eau De Parfum Spray - dein-parfum.com","og_description":"Quality\/Durability Durability Easy to use","og_url":"https:\/\/meinwordpress-ho-ejjheknmq4.live-website.com\/?product=lolita-lempicka-100-ml-eau-de-parfum-spray","og_site_name":"dein-parfum.com","twitter_card":"summary_large_image","twitter_misc":{"Est. reading time":"3 minutes"},"schema":{"@context":"https:\/\/schema.org","@graph":[{"@type":"WebPage","@id":"https:\/\/meinwordpress-ho-ejjheknmq4.live-website.com\/?product=lolita-lempicka-100-ml-eau-de-parfum-spray","url":"https:\/\/meinwordpress-ho-ejjheknmq4.live-website.com\/?product=lolita-lempicka-100-ml-eau-de-parfum-spray","name":"Lolita Lempicka 100 ml Eau De Parfum Spray - dein-parfum.com","isPartOf":{"@id":"https:\/\/meinwordpress-ho-ejjheknmq4.live-website.com\/#website"},"primaryImageOfPage":{"@id":"https:\/\/meinwordpress-ho-ejjheknmq4.live-website.com\/?product=lolita-lempicka-100-ml-eau-de-parfum-spray#primaryimage"},"image":{"@id":"https:\/\/meinwordpress-ho-ejjheknmq4.live-website.com\/?product=lolita-lempicka-100-ml-eau-de-parfum-spray#primaryimage"},"thumbnailUrl":"https:\/\/m.media-amazon.com\/images\/I\/4159OOWp7JL.jpg","datePublished":"2025-09-13T05:56:50+00:00","breadcrumb":{"@id":"https:\/\/meinwordpress-ho-ejjheknmq4.live-website.com\/?product=lolita-lempicka-100-ml-eau-de-parfum-spray#breadcrumb"},"inLanguage":"en-US","potentialAction":[{"@type":"ReadAction","target":["https:\/\/meinwordpress-ho-ejjheknmq4.live-website.com\/?product=lolita-lempicka-100-ml-eau-de-parfum-spray"]}]},{"@type":"ImageObject","inLanguage":"en-US","@id":"https:\/\/meinwordpress-ho-ejjheknmq4.live-website.com\/?product=lolita-lempicka-100-ml-eau-de-parfum-spray#primaryimage","url":"https:\/\/m.media-amazon.com\/images\/I\/4159OOWp7JL.jpg","contentUrl":"https:\/\/m.media-amazon.com\/images\/I\/4159OOWp7JL.jpg","width":500,"height":500},{"@type":"BreadcrumbList","@id":"https:\/\/meinwordpress-ho-ejjheknmq4.live-website.com\/?product=lolita-lempicka-100-ml-eau-de-parfum-spray#breadcrumb","itemListElement":[{"@type":"ListItem","position":1,"name":"Home","item":"https:\/\/meinwordpress-ho-ejjheknmq4.live-website.com\/"},{"@type":"ListItem","position":2,"name":"Gesch\u00e4ft","item":"https:\/\/meinwordpress-ho-ejjheknmq4.live-website.com\/?page_id=9"},{"@type":"ListItem","position":3,"name":"Lolita Lempicka 100 ml Eau De Parfum Spray"}]},{"@type":"WebSite","@id":"https:\/\/meinwordpress-ho-ejjheknmq4.live-website.com\/#website","url":"https:\/\/meinwordpress-ho-ejjheknmq4.live-website.com\/","name":"dein-parfum.com","description":"dein-parfum.com","publisher":{"@id":"https:\/\/meinwordpress-ho-ejjheknmq4.live-website.com\/#organization"},"potentialAction":[{"@type":"SearchAction","target":{"@type":"EntryPoint","urlTemplate":"https:\/\/meinwordpress-ho-ejjheknmq4.live-website.com\/?s={search_term_string}"},"query-input":{"@type":"PropertyValueSpecification","valueRequired":true,"valueName":"search_term_string"}}],"inLanguage":"en-US"},{"@type":"Organization","@id":"https:\/\/meinwordpress-ho-ejjheknmq4.live-website.com\/#organization","name":"dein-parfum.com","url":"https:\/\/meinwordpress-ho-ejjheknmq4.live-website.com\/","logo":{"@type":"ImageObject","inLanguage":"en-US","@id":"https:\/\/meinwordpress-ho-ejjheknmq4.live-website.com\/#\/schema\/logo\/image\/","url":"https:\/\/meinwordpress-ho-ejjheknmq4.live-website.com\/wp-content\/uploads\/2023\/10\/cropped-4yyy-removebg-preview-1.png","contentUrl":"https:\/\/meinwordpress-ho-ejjheknmq4.live-website.com\/wp-content\/uploads\/2023\/10\/cropped-4yyy-removebg-preview-1.png","width":512,"height":512,"caption":"dein-parfum.com"},"image":{"@id":"https:\/\/meinwordpress-ho-ejjheknmq4.live-website.com\/#\/schema\/logo\/image\/"}}]}},"_links":{"self":[{"href":"https:\/\/meinwordpress-ho-ejjheknmq4.live-website.com\/index.php?rest_route=\/wp\/v2\/product\/56618","targetHints":{"allow":["GET"]}}],"collection":[{"href":"https:\/\/meinwordpress-ho-ejjheknmq4.live-website.com\/index.php?rest_route=\/wp\/v2\/product"}],"about":[{"href":"https:\/\/meinwordpress-ho-ejjheknmq4.live-website.com\/index.php?rest_route=\/wp\/v2\/types\/product"}],"replies":[{"embeddable":true,"href":"https:\/\/meinwordpress-ho-ejjheknmq4.live-website.com\/index.php?rest_route=%2Fwp%2Fv2%2Fcomments&post=56618"}],"wp:featuredmedia":[{"embeddable":true,"href":"https:\/\/meinwordpress-ho-ejjheknmq4.live-website.com\/index.php?rest_route=\/wp\/v2\/media\/56622"}],"wp:attachment":[{"href":"https:\/\/meinwordpress-ho-ejjheknmq4.live-website.com\/index.php?rest_route=%2Fwp%2Fv2%2Fmedia&parent=56618"}],"wp:term":[{"taxonomy":"product_cat","embeddable":true,"href":"https:\/\/meinwordpress-ho-ejjheknmq4.live-website.com\/index.php?rest_route=%2Fwp%2Fv2%2Fproduct_cat&post=56618"},{"taxonomy":"product_tag","embeddable":true,"href":"https:\/\/meinwordpress-ho-ejjheknmq4.live-website.com\/index.php?rest_route=%2Fwp%2Fv2%2Fproduct_tag&post=56618"}],"curies":[{"name":"wp","href":"https:\/\/api.w.org\/{rel}","templated":true}]}}